{"id":10905,"date":"2016-05-12T17:38:39","date_gmt":"2016-05-12T21:38:39","guid":{"rendered":"https:\/\/www.nbfc.com\/fr\/notes-legales\/third-party-recruiting-policy\/"},"modified":"2019-01-03T14:52:20","modified_gmt":"2019-01-03T19:52:20","slug":"politique-de-recrutement-par-des-tiers","status":"publish","type":"page","link":"https:\/\/www.nbfc.com\/fr\/notes-legales\/politique-de-recrutement-par-des-tiers\/","title":{"rendered":"Politique de recrutement par des tiers"},"content":{"rendered":"\n<style type=\"text\/css\" data-created_by=\"avia_inline_auto\" id=\"style-css-av-av_heading-a6f7397e1fa3c3e431ae393267dbddcb\">\n#top .av-special-heading.av-av_heading-a6f7397e1fa3c3e431ae393267dbddcb{\npadding-bottom:10px;\n}\nbody .av-special-heading.av-av_heading-a6f7397e1fa3c3e431ae393267dbddcb .av-special-heading-tag .heading-char{\nfont-size:25px;\n}\n.av-special-heading.av-av_heading-a6f7397e1fa3c3e431ae393267dbddcb .av-subheading{\nfont-size:15px;\n}\n<\/style>\n<div  class='av-special-heading av-av_heading-a6f7397e1fa3c3e431ae393267dbddcb av-special-heading-h1  avia-builder-el-0  el_before_av_textblock  avia-builder-el-first '><h1 class='av-special-heading-tag '  itemprop=\"headline\"  >Politique de recrutement par des tiers<\/h1><div class=\"special-heading-border\"><div class=\"special-heading-inner-border\"><\/div><\/div><\/div>\n<section  class='av_textblock_section av-av_textblock-35972167d9f102c5ddaec0c531c98b9e '   itemscope=\"itemscope\" itemtype=\"https:\/\/schema.org\/CreativeWork\" ><div class='avia_textblock'  itemprop=\"text\" ><p>Bonjour,<\/p>\n<p>Merci d\u2019avoir visit\u00e9 notre site Web pour en apprendre davantage sur Northbridge ainsi que sur les relations d\u2019affaires et les d\u00e9bouch\u00e9s potentiels qui pourraient s\u2019offrir \u00e0 vous.<\/p>\n<p>\u00c0 l\u2019occasion, nous sollicitons les services d\u2019agences de recrutement, car nous sommes conscients de l\u2019importance d\u2019aider nos recruteurs dans le processus de dotation en personnel. Les agences que nous avons retenues travaillent en \u00e9troite collaboration avec notre personnel de recrutement interne. Trouver les agences dont les valeurs concordent avec les n\u00f4tres demande beaucoup de temps et d\u2019efforts, c\u2019est pourquoi nous travaillons uniquement avec un petit groupe de recruteurs externes.<\/p>\n<p>Puisque nous recevons un nombre important d\u2019offres de services de la part de recruteurs externes, nous faisons un examen annuel des agences qui composent notre liste de fournisseurs privil\u00e9gi\u00e9s. Les contrats de recrutement sont \u00e9galement revus annuellement, puis renouvel\u00e9s selon le cas.<\/p>\n<p>Si vous souhaitez soumettre votre candidature \u00e0 titre de recruteur potentiel, veuillez envoyer votre offre de services \u00e0 <strong><a href=\"mailto:Ressources.humaines@nbfc.com\">Ressources.humaines@nbfc.com<\/a><\/strong>. Prenez note que la soumission de votre candidature par courriel ne signifie pas forc\u00e9ment que vous serez retenu \u00e0 titre de fournisseur privil\u00e9gi\u00e9.<\/p>\n<p>Les fournisseurs doivent avoir une entente de services avec Northbridge sign\u00e9e par un membre des Ressources humaines de Northbridge afin de recevoir une commission de placement. L\u2019entente doit avoir \u00e9t\u00e9 sign\u00e9e au plus tard un an avant la date de soumission du curriculum vit\u00e6 d\u2019un candidat que vous recommandez.<\/p>\n<p>Northbridge ne versera aucune r\u00e9mun\u00e9ration \u00e0 un recruteur externe qui ne poss\u00e8de pas d\u2019entente de services sign\u00e9e par un membre des Ressources humaines de Northbridge. Un curriculum vit\u00e6 soumis \u00e0 un employ\u00e9 de Northbridge sans qu\u2019il y ait d\u2019entente de services en vigueur sera consid\u00e9r\u00e9 comme appartenant \u00e0 Northbridge et Northbridge ne sera nullement tenue de verser de commission de placement. Seule l\u2019entente de services sign\u00e9e par un membre des Ressources humaines de Northbridge garantit le versement d\u2019une commission de placement. Les ententes verbales conclues avec d\u2019autres membres du personnel de Northbridge n\u2019ont aucune force ex\u00e9cutoire. Northbridge ne versera aucune r\u00e9mun\u00e9ration \u00e0 un recruteur externe n\u2019ayant pas coordonn\u00e9 ses activit\u00e9s de recrutement avec le responsable des Ressources humaines attitr\u00e9 \u00e0 cette t\u00e2che.<\/p>\n<p>Il incombe aux recruteurs externes de prendre connaissance de la pr\u00e9sente politique.<\/p>\n<\/div><\/section>\n","protected":false},"excerpt":{"rendered":"","protected":false},"author":1,"featured_media":0,"parent":8972,"menu_order":0,"comment_status":"closed","ping_status":"closed","template":"","meta":{"footnotes":""},"class_list":["post-10905","page","type-page","status-publish","hentry"],"yoast_head":"<!-- This site is optimized with the Yoast SEO plugin v27.3 - https:\/\/yoast.com\/product\/yoast-seo-wordpress\/ -->\n<title>Politique de recrutement par des tiers - Corporation financi\u00e8re Northbridge<\/title>\n<meta name=\"description\" content=\"We work with third party recruiting agencies on occasion as we recognize the importance of recruiters when it comes to recruiting for positions.\" \/>\n<meta name=\"robots\" content=\"index, follow, max-snippet:-1, max-image-preview:large, max-video-preview:-1\" \/>\n<link rel=\"canonical\" href=\"https:\/\/www.nbfc.com\/fr\/notes-legales\/politique-de-recrutement-par-des-tiers\/\" \/>\n<meta property=\"og:locale\" content=\"fr_FR\" \/>\n<meta property=\"og:type\" content=\"article\" \/>\n<meta property=\"og:title\" content=\"Politique de recrutement par des tiers - Corporation financi\u00e8re Northbridge\" \/>\n<meta property=\"og:description\" content=\"We work with third party recruiting agencies on occasion as we recognize the importance of recruiters when it comes to recruiting for positions.\" \/>\n<meta property=\"og:url\" content=\"https:\/\/www.nbfc.com\/fr\/notes-legales\/politique-de-recrutement-par-des-tiers\/\" \/>\n<meta property=\"og:site_name\" content=\"Corporation financi\u00e8re Northbridge\" \/>\n<meta property=\"article:modified_time\" content=\"2019-01-03T19:52:20+00:00\" \/>\n<meta name=\"twitter:card\" content=\"summary_large_image\" \/>\n<meta name=\"twitter:label1\" content=\"Dur\u00e9e de lecture estim\u00e9e\" \/>\n\t<meta name=\"twitter:data1\" content=\"2 minutes\" \/>\n<script type=\"application\/ld+json\" class=\"yoast-schema-graph\">{\"@context\":\"https:\\\/\\\/schema.org\",\"@graph\":[{\"@type\":\"WebPage\",\"@id\":\"https:\\\/\\\/www.nbfc.com\\\/fr\\\/notes-legales\\\/politique-de-recrutement-par-des-tiers\\\/\",\"url\":\"https:\\\/\\\/www.nbfc.com\\\/fr\\\/notes-legales\\\/politique-de-recrutement-par-des-tiers\\\/\",\"name\":\"Politique de recrutement par des tiers - Corporation financi\u00e8re Northbridge\",\"isPartOf\":{\"@id\":\"https:\\\/\\\/www.nbfc.com\\\/fr\\\/#website\"},\"datePublished\":\"2016-05-12T21:38:39+00:00\",\"dateModified\":\"2019-01-03T19:52:20+00:00\",\"description\":\"We work with third party recruiting agencies on occasion as we recognize the importance of recruiters when it comes to recruiting for positions.\",\"breadcrumb\":{\"@id\":\"https:\\\/\\\/www.nbfc.com\\\/fr\\\/notes-legales\\\/politique-de-recrutement-par-des-tiers\\\/#breadcrumb\"},\"inLanguage\":\"fr-FR\",\"potentialAction\":[{\"@type\":\"ReadAction\",\"target\":[\"https:\\\/\\\/www.nbfc.com\\\/fr\\\/notes-legales\\\/politique-de-recrutement-par-des-tiers\\\/\"]}]},{\"@type\":\"BreadcrumbList\",\"@id\":\"https:\\\/\\\/www.nbfc.com\\\/fr\\\/notes-legales\\\/politique-de-recrutement-par-des-tiers\\\/#breadcrumb\",\"itemListElement\":[{\"@type\":\"ListItem\",\"position\":1,\"name\":\"Home\",\"item\":\"https:\\\/\\\/www.nbfc.com\\\/fr\\\/home\\\/\"},{\"@type\":\"ListItem\",\"position\":2,\"name\":\"Notes l\u00e9gales\",\"item\":\"https:\\\/\\\/www.nbfc.com\\\/fr\\\/notes-legales\\\/\"},{\"@type\":\"ListItem\",\"position\":3,\"name\":\"Politique de recrutement par des tiers\"}]},{\"@type\":\"WebSite\",\"@id\":\"https:\\\/\\\/www.nbfc.com\\\/fr\\\/#website\",\"url\":\"https:\\\/\\\/www.nbfc.com\\\/fr\\\/\",\"name\":\"Corporation financi\u00e8re Northbridge\",\"description\":\"Assurance des entreprises au Canada\",\"publisher\":{\"@id\":\"https:\\\/\\\/www.nbfc.com\\\/fr\\\/#organization\"},\"potentialAction\":[{\"@type\":\"SearchAction\",\"target\":{\"@type\":\"EntryPoint\",\"urlTemplate\":\"https:\\\/\\\/www.nbfc.com\\\/fr\\\/?s={search_term_string}\"},\"query-input\":{\"@type\":\"PropertyValueSpecification\",\"valueRequired\":true,\"valueName\":\"search_term_string\"}}],\"inLanguage\":\"fr-FR\"},{\"@type\":\"Organization\",\"@id\":\"https:\\\/\\\/www.nbfc.com\\\/fr\\\/#organization\",\"name\":\"Northbridge Financial Corporation\",\"url\":\"https:\\\/\\\/www.nbfc.com\\\/fr\\\/\",\"logo\":{\"@type\":\"ImageObject\",\"inLanguage\":\"fr-FR\",\"@id\":\"https:\\\/\\\/www.nbfc.com\\\/fr\\\/#\\\/schema\\\/logo\\\/image\\\/\",\"url\":\"https:\\\/\\\/www.nbfc.com\\\/wp-content\\\/uploads\\\/2015\\\/06\\\/nb_fairfax_smallscaleuses_300x167px-EN.png\",\"contentUrl\":\"https:\\\/\\\/www.nbfc.com\\\/wp-content\\\/uploads\\\/2015\\\/06\\\/nb_fairfax_smallscaleuses_300x167px-EN.png\",\"width\":300,\"height\":168,\"caption\":\"Northbridge Financial Corporation\"},\"image\":{\"@id\":\"https:\\\/\\\/www.nbfc.com\\\/fr\\\/#\\\/schema\\\/logo\\\/image\\\/\"},\"sameAs\":[\"https:\\\/\\\/www.linkedin.com\\\/company\\\/northbridge-financial-corporation\",\"https:\\\/\\\/www.youtube.com\\\/channel\\\/UCVJXP_9ja5iY_5SAAxJ6Jmg\"]}]}<\/script>\n<!-- \/ Yoast SEO plugin. -->","yoast_head_json":{"title":"Politique de recrutement par des tiers - Corporation financi\u00e8re Northbridge","description":"We work with third party recruiting agencies on occasion as we recognize the importance of recruiters when it comes to recruiting for positions.","robots":{"index":"index","follow":"follow","max-snippet":"max-snippet:-1","max-image-preview":"max-image-preview:large","max-video-preview":"max-video-preview:-1"},"canonical":"https:\/\/www.nbfc.com\/fr\/notes-legales\/politique-de-recrutement-par-des-tiers\/","og_locale":"fr_FR","og_type":"article","og_title":"Politique de recrutement par des tiers - Corporation financi\u00e8re Northbridge","og_description":"We work with third party recruiting agencies on occasion as we recognize the importance of recruiters when it comes to recruiting for positions.","og_url":"https:\/\/www.nbfc.com\/fr\/notes-legales\/politique-de-recrutement-par-des-tiers\/","og_site_name":"Corporation financi\u00e8re Northbridge","article_modified_time":"2019-01-03T19:52:20+00:00","twitter_card":"summary_large_image","twitter_misc":{"Dur\u00e9e de lecture estim\u00e9e":"2 minutes"},"schema":{"@context":"https:\/\/schema.org","@graph":[{"@type":"WebPage","@id":"https:\/\/www.nbfc.com\/fr\/notes-legales\/politique-de-recrutement-par-des-tiers\/","url":"https:\/\/www.nbfc.com\/fr\/notes-legales\/politique-de-recrutement-par-des-tiers\/","name":"Politique de recrutement par des tiers - Corporation financi\u00e8re Northbridge","isPartOf":{"@id":"https:\/\/www.nbfc.com\/fr\/#website"},"datePublished":"2016-05-12T21:38:39+00:00","dateModified":"2019-01-03T19:52:20+00:00","description":"We work with third party recruiting agencies on occasion as we recognize the importance of recruiters when it comes to recruiting for positions.","breadcrumb":{"@id":"https:\/\/www.nbfc.com\/fr\/notes-legales\/politique-de-recrutement-par-des-tiers\/#breadcrumb"},"inLanguage":"fr-FR","potentialAction":[{"@type":"ReadAction","target":["https:\/\/www.nbfc.com\/fr\/notes-legales\/politique-de-recrutement-par-des-tiers\/"]}]},{"@type":"BreadcrumbList","@id":"https:\/\/www.nbfc.com\/fr\/notes-legales\/politique-de-recrutement-par-des-tiers\/#breadcrumb","itemListElement":[{"@type":"ListItem","position":1,"name":"Home","item":"https:\/\/www.nbfc.com\/fr\/home\/"},{"@type":"ListItem","position":2,"name":"Notes l\u00e9gales","item":"https:\/\/www.nbfc.com\/fr\/notes-legales\/"},{"@type":"ListItem","position":3,"name":"Politique de recrutement par des tiers"}]},{"@type":"WebSite","@id":"https:\/\/www.nbfc.com\/fr\/#website","url":"https:\/\/www.nbfc.com\/fr\/","name":"Corporation financi\u00e8re Northbridge","description":"Assurance des entreprises au Canada","publisher":{"@id":"https:\/\/www.nbfc.com\/fr\/#organization"},"potentialAction":[{"@type":"SearchAction","target":{"@type":"EntryPoint","urlTemplate":"https:\/\/www.nbfc.com\/fr\/?s={search_term_string}"},"query-input":{"@type":"PropertyValueSpecification","valueRequired":true,"valueName":"search_term_string"}}],"inLanguage":"fr-FR"},{"@type":"Organization","@id":"https:\/\/www.nbfc.com\/fr\/#organization","name":"Northbridge Financial Corporation","url":"https:\/\/www.nbfc.com\/fr\/","logo":{"@type":"ImageObject","inLanguage":"fr-FR","@id":"https:\/\/www.nbfc.com\/fr\/#\/schema\/logo\/image\/","url":"https:\/\/www.nbfc.com\/wp-content\/uploads\/2015\/06\/nb_fairfax_smallscaleuses_300x167px-EN.png","contentUrl":"https:\/\/www.nbfc.com\/wp-content\/uploads\/2015\/06\/nb_fairfax_smallscaleuses_300x167px-EN.png","width":300,"height":168,"caption":"Northbridge Financial Corporation"},"image":{"@id":"https:\/\/www.nbfc.com\/fr\/#\/schema\/logo\/image\/"},"sameAs":["https:\/\/www.linkedin.com\/company\/northbridge-financial-corporation","https:\/\/www.youtube.com\/channel\/UCVJXP_9ja5iY_5SAAxJ6Jmg"]}]}},"_links":{"self":[{"href":"https:\/\/www.nbfc.com\/fr\/wp-json\/wp\/v2\/pages\/10905","targetHints":{"allow":["GET"]}}],"collection":[{"href":"https:\/\/www.nbfc.com\/fr\/wp-json\/wp\/v2\/pages"}],"about":[{"href":"https:\/\/www.nbfc.com\/fr\/wp-json\/wp\/v2\/types\/page"}],"author":[{"embeddable":true,"href":"https:\/\/www.nbfc.com\/fr\/wp-json\/wp\/v2\/users\/1"}],"replies":[{"embeddable":true,"href":"https:\/\/www.nbfc.com\/fr\/wp-json\/wp\/v2\/comments?post=10905"}],"version-history":[{"count":0,"href":"https:\/\/www.nbfc.com\/fr\/wp-json\/wp\/v2\/pages\/10905\/revisions"}],"up":[{"embeddable":true,"href":"https:\/\/www.nbfc.com\/fr\/wp-json\/wp\/v2\/pages\/8972"}],"wp:attachment":[{"href":"https:\/\/www.nbfc.com\/fr\/wp-json\/wp\/v2\/media?parent=10905"}],"curies":[{"name":"wp","href":"https:\/\/api.w.org\/{rel}","templated":true}]}}