{"id":21185,"date":"2016-06-20T14:03:41","date_gmt":"2016-06-20T18:03:41","guid":{"rendered":"https:\/\/www.nbfc.com\/?page_id=21185"},"modified":"2025-05-07T09:58:20","modified_gmt":"2025-05-07T13:58:20","slug":"declaration-de-responsabilite-publique","status":"publish","type":"page","link":"https:\/\/www.nbfc.com\/fr\/responsabilite-sociale\/declaration-de-responsabilite-publique\/","title":{"rendered":"D\u00e9claration de responsabilit\u00e9 publique 2024"},"content":{"rendered":"<div id='av_section_1'  class='avia-section av-11rjkgf-03e9c13e461545e2af9a9cebb566f6bf main_color avia-section-default avia-no-shadow  avia-builder-el-0  el_before_av_codeblock  avia-builder-el-first  avia-bg-style-scroll container_wrap sidebar_right'  ><div class='container av-section-cont-open' ><main  role=\"main\" itemprop=\"mainContentOfPage\"  class='template-page content  av-content-small alpha units'><div class='post-entry post-entry-type-page post-entry-21185'><div class='entry-content-wrapper clearfix'>\n<div  class='av_promobox av-lbx4mn-faf68c9a2b8f861ae4ad63bdc3e142a7 avia-button-yes  avia-builder-el-1  avia-builder-el-no-sibling '><div class='avia-promocontent'><h2>D\u00e9claration de responsabilit\u00e9 publique 2024<\/h2>\n<p class=\"mar-right30\">\u00c0 Northbridge, nous avons \u00e0 c\u0153ur tout ce qui touche \u00e0 la protection, \u00e0 la pr\u00e9vention et au progr\u00e8s, tant chez nos clients que dans nos collectivit\u00e9s. Notre service exceptionnel et nos produits novateurs aident les entreprises canadiennes \u00e0 r\u00e9ussir, et notre \u00e9quipe enthousiaste travaille \u00e0 soutenir et \u00e0 accompagner nos voisins d\u2019un oc\u00e9an \u00e0 l\u2019autre. Apprenez o\u00f9 et comment nous avons redonn\u00e9 en 2024 : cliquez sur le bouton de droite pour t\u00e9l\u00e9charger le fichier PDF de notre d\u00e9claration de responsabilit\u00e9 publique de 2024.<\/p>\n<\/div><div  class='avia-button-wrap av-lbx4mn-412b8d4e1ac4f16a0945842021cc9f8f-wrap avia-button-right '><a href='https:\/\/www.nbfc.com\/wp-content\/uploads\/2025\/05\/3562-001-2024-Public-Accountability-Statement-v10F-Final.pdf'  class='avia-button av-lbx4mn-412b8d4e1ac4f16a0945842021cc9f8f av-link-btn avia-icon_select-no avia-size-large avia-position-right avia-color-theme-color'  target=\"_blank\"  rel=\"noopener noreferrer\"  aria-label=\"T\u00e9l\u00e9charger la d\u00e9claration de 2024\"><span class='avia_iconbox_title' >T\u00e9l\u00e9charger la d\u00e9claration de 2024<\/span><\/a><\/div><\/div>\n<\/div><\/div><\/main><!-- close content main element --><\/div><\/div><div id='after_section_1'  class='main_color av_default_container_wrap container_wrap sidebar_right'  ><div class='container av-section-cont-open' ><div class='template-page content  av-content-small alpha units'><div class='post-entry post-entry-type-page post-entry-21185'><div class='entry-content-wrapper clearfix'><\/p>\n","protected":false},"excerpt":{"rendered":"","protected":false},"author":25,"featured_media":0,"parent":8661,"menu_order":0,"comment_status":"closed","ping_status":"closed","template":"","meta":{"footnotes":""},"class_list":["post-21185","page","type-page","status-publish","hentry"],"yoast_head":"<!-- This site is optimized with the Yoast SEO plugin v27.4 - https:\/\/yoast.com\/product\/yoast-seo-wordpress\/ -->\n<title>D\u00e9claration de responsabilit\u00e9 publique 2024 - Corporation financi\u00e8re Northbridge<\/title>\n<meta name=\"robots\" content=\"index, follow, max-snippet:-1, max-image-preview:large, max-video-preview:-1\" \/>\n<link rel=\"canonical\" href=\"https:\/\/www.nbfc.com\/fr\/responsabilite-sociale\/declaration-de-responsabilite-publique\/\" \/>\n<meta property=\"og:locale\" content=\"fr_FR\" \/>\n<meta property=\"og:type\" content=\"article\" \/>\n<meta property=\"og:title\" content=\"D\u00e9claration de responsabilit\u00e9 publique 2024 - Corporation financi\u00e8re Northbridge\" \/>\n<meta property=\"og:url\" content=\"https:\/\/www.nbfc.com\/fr\/responsabilite-sociale\/declaration-de-responsabilite-publique\/\" \/>\n<meta property=\"og:site_name\" content=\"Corporation financi\u00e8re Northbridge\" \/>\n<meta property=\"article:modified_time\" content=\"2025-05-07T13:58:20+00:00\" \/>\n<meta name=\"twitter:card\" content=\"summary_large_image\" \/>\n<meta name=\"twitter:label1\" content=\"Dur\u00e9e de lecture estim\u00e9e\" \/>\n\t<meta name=\"twitter:data1\" content=\"1 minute\" \/>\n<script type=\"application\/ld+json\" class=\"yoast-schema-graph\">{\"@context\":\"https:\\\/\\\/schema.org\",\"@graph\":[{\"@type\":\"WebPage\",\"@id\":\"https:\\\/\\\/www.nbfc.com\\\/fr\\\/responsabilite-sociale\\\/declaration-de-responsabilite-publique\\\/\",\"url\":\"https:\\\/\\\/www.nbfc.com\\\/fr\\\/responsabilite-sociale\\\/declaration-de-responsabilite-publique\\\/\",\"name\":\"D\u00e9claration de responsabilit\u00e9 publique 2024 - Corporation financi\u00e8re Northbridge\",\"isPartOf\":{\"@id\":\"https:\\\/\\\/www.nbfc.com\\\/fr\\\/#website\"},\"datePublished\":\"2016-06-20T18:03:41+00:00\",\"dateModified\":\"2025-05-07T13:58:20+00:00\",\"breadcrumb\":{\"@id\":\"https:\\\/\\\/www.nbfc.com\\\/fr\\\/responsabilite-sociale\\\/declaration-de-responsabilite-publique\\\/#breadcrumb\"},\"inLanguage\":\"fr-FR\",\"potentialAction\":[{\"@type\":\"ReadAction\",\"target\":[\"https:\\\/\\\/www.nbfc.com\\\/fr\\\/responsabilite-sociale\\\/declaration-de-responsabilite-publique\\\/\"]}]},{\"@type\":\"BreadcrumbList\",\"@id\":\"https:\\\/\\\/www.nbfc.com\\\/fr\\\/responsabilite-sociale\\\/declaration-de-responsabilite-publique\\\/#breadcrumb\",\"itemListElement\":[{\"@type\":\"ListItem\",\"position\":1,\"name\":\"Home\",\"item\":\"https:\\\/\\\/www.nbfc.com\\\/fr\\\/home\\\/\"},{\"@type\":\"ListItem\",\"position\":2,\"name\":\"Responsabilit\u00e9 sociale\",\"item\":\"https:\\\/\\\/www.nbfc.com\\\/fr\\\/responsabilite-sociale\\\/\"},{\"@type\":\"ListItem\",\"position\":3,\"name\":\"D\u00e9claration de responsabilit\u00e9 publique 2024\"}]},{\"@type\":\"WebSite\",\"@id\":\"https:\\\/\\\/www.nbfc.com\\\/fr\\\/#website\",\"url\":\"https:\\\/\\\/www.nbfc.com\\\/fr\\\/\",\"name\":\"Corporation financi\u00e8re Northbridge\",\"description\":\"Assurance des entreprises au Canada\",\"publisher\":{\"@id\":\"https:\\\/\\\/www.nbfc.com\\\/fr\\\/#organization\"},\"potentialAction\":[{\"@type\":\"SearchAction\",\"target\":{\"@type\":\"EntryPoint\",\"urlTemplate\":\"https:\\\/\\\/www.nbfc.com\\\/fr\\\/?s={search_term_string}\"},\"query-input\":{\"@type\":\"PropertyValueSpecification\",\"valueRequired\":true,\"valueName\":\"search_term_string\"}}],\"inLanguage\":\"fr-FR\"},{\"@type\":\"Organization\",\"@id\":\"https:\\\/\\\/www.nbfc.com\\\/fr\\\/#organization\",\"name\":\"Northbridge Financial Corporation\",\"url\":\"https:\\\/\\\/www.nbfc.com\\\/fr\\\/\",\"logo\":{\"@type\":\"ImageObject\",\"inLanguage\":\"fr-FR\",\"@id\":\"https:\\\/\\\/www.nbfc.com\\\/fr\\\/#\\\/schema\\\/logo\\\/image\\\/\",\"url\":\"https:\\\/\\\/www.nbfc.com\\\/wp-content\\\/uploads\\\/2015\\\/06\\\/nb_fairfax_smallscaleuses_300x167px-EN.png\",\"contentUrl\":\"https:\\\/\\\/www.nbfc.com\\\/wp-content\\\/uploads\\\/2015\\\/06\\\/nb_fairfax_smallscaleuses_300x167px-EN.png\",\"width\":300,\"height\":168,\"caption\":\"Northbridge Financial Corporation\"},\"image\":{\"@id\":\"https:\\\/\\\/www.nbfc.com\\\/fr\\\/#\\\/schema\\\/logo\\\/image\\\/\"},\"sameAs\":[\"https:\\\/\\\/www.linkedin.com\\\/company\\\/northbridge-financial-corporation\",\"https:\\\/\\\/www.youtube.com\\\/channel\\\/UCVJXP_9ja5iY_5SAAxJ6Jmg\"]}]}<\/script>\n<!-- \/ Yoast SEO plugin. -->","yoast_head_json":{"title":"D\u00e9claration de responsabilit\u00e9 publique 2024 - Corporation financi\u00e8re Northbridge","robots":{"index":"index","follow":"follow","max-snippet":"max-snippet:-1","max-image-preview":"max-image-preview:large","max-video-preview":"max-video-preview:-1"},"canonical":"https:\/\/www.nbfc.com\/fr\/responsabilite-sociale\/declaration-de-responsabilite-publique\/","og_locale":"fr_FR","og_type":"article","og_title":"D\u00e9claration de responsabilit\u00e9 publique 2024 - Corporation financi\u00e8re Northbridge","og_url":"https:\/\/www.nbfc.com\/fr\/responsabilite-sociale\/declaration-de-responsabilite-publique\/","og_site_name":"Corporation financi\u00e8re Northbridge","article_modified_time":"2025-05-07T13:58:20+00:00","twitter_card":"summary_large_image","twitter_misc":{"Dur\u00e9e de lecture estim\u00e9e":"1 minute"},"schema":{"@context":"https:\/\/schema.org","@graph":[{"@type":"WebPage","@id":"https:\/\/www.nbfc.com\/fr\/responsabilite-sociale\/declaration-de-responsabilite-publique\/","url":"https:\/\/www.nbfc.com\/fr\/responsabilite-sociale\/declaration-de-responsabilite-publique\/","name":"D\u00e9claration de responsabilit\u00e9 publique 2024 - Corporation financi\u00e8re Northbridge","isPartOf":{"@id":"https:\/\/www.nbfc.com\/fr\/#website"},"datePublished":"2016-06-20T18:03:41+00:00","dateModified":"2025-05-07T13:58:20+00:00","breadcrumb":{"@id":"https:\/\/www.nbfc.com\/fr\/responsabilite-sociale\/declaration-de-responsabilite-publique\/#breadcrumb"},"inLanguage":"fr-FR","potentialAction":[{"@type":"ReadAction","target":["https:\/\/www.nbfc.com\/fr\/responsabilite-sociale\/declaration-de-responsabilite-publique\/"]}]},{"@type":"BreadcrumbList","@id":"https:\/\/www.nbfc.com\/fr\/responsabilite-sociale\/declaration-de-responsabilite-publique\/#breadcrumb","itemListElement":[{"@type":"ListItem","position":1,"name":"Home","item":"https:\/\/www.nbfc.com\/fr\/home\/"},{"@type":"ListItem","position":2,"name":"Responsabilit\u00e9 sociale","item":"https:\/\/www.nbfc.com\/fr\/responsabilite-sociale\/"},{"@type":"ListItem","position":3,"name":"D\u00e9claration de responsabilit\u00e9 publique 2024"}]},{"@type":"WebSite","@id":"https:\/\/www.nbfc.com\/fr\/#website","url":"https:\/\/www.nbfc.com\/fr\/","name":"Corporation financi\u00e8re Northbridge","description":"Assurance des entreprises au Canada","publisher":{"@id":"https:\/\/www.nbfc.com\/fr\/#organization"},"potentialAction":[{"@type":"SearchAction","target":{"@type":"EntryPoint","urlTemplate":"https:\/\/www.nbfc.com\/fr\/?s={search_term_string}"},"query-input":{"@type":"PropertyValueSpecification","valueRequired":true,"valueName":"search_term_string"}}],"inLanguage":"fr-FR"},{"@type":"Organization","@id":"https:\/\/www.nbfc.com\/fr\/#organization","name":"Northbridge Financial Corporation","url":"https:\/\/www.nbfc.com\/fr\/","logo":{"@type":"ImageObject","inLanguage":"fr-FR","@id":"https:\/\/www.nbfc.com\/fr\/#\/schema\/logo\/image\/","url":"https:\/\/www.nbfc.com\/wp-content\/uploads\/2015\/06\/nb_fairfax_smallscaleuses_300x167px-EN.png","contentUrl":"https:\/\/www.nbfc.com\/wp-content\/uploads\/2015\/06\/nb_fairfax_smallscaleuses_300x167px-EN.png","width":300,"height":168,"caption":"Northbridge Financial Corporation"},"image":{"@id":"https:\/\/www.nbfc.com\/fr\/#\/schema\/logo\/image\/"},"sameAs":["https:\/\/www.linkedin.com\/company\/northbridge-financial-corporation","https:\/\/www.youtube.com\/channel\/UCVJXP_9ja5iY_5SAAxJ6Jmg"]}]}},"_links":{"self":[{"href":"https:\/\/www.nbfc.com\/fr\/wp-json\/wp\/v2\/pages\/21185","targetHints":{"allow":["GET"]}}],"collection":[{"href":"https:\/\/www.nbfc.com\/fr\/wp-json\/wp\/v2\/pages"}],"about":[{"href":"https:\/\/www.nbfc.com\/fr\/wp-json\/wp\/v2\/types\/page"}],"author":[{"embeddable":true,"href":"https:\/\/www.nbfc.com\/fr\/wp-json\/wp\/v2\/users\/25"}],"replies":[{"embeddable":true,"href":"https:\/\/www.nbfc.com\/fr\/wp-json\/wp\/v2\/comments?post=21185"}],"version-history":[{"count":5,"href":"https:\/\/www.nbfc.com\/fr\/wp-json\/wp\/v2\/pages\/21185\/revisions"}],"predecessor-version":[{"id":29151,"href":"https:\/\/www.nbfc.com\/fr\/wp-json\/wp\/v2\/pages\/21185\/revisions\/29151"}],"up":[{"embeddable":true,"href":"https:\/\/www.nbfc.com\/fr\/wp-json\/wp\/v2\/pages\/8661"}],"wp:attachment":[{"href":"https:\/\/www.nbfc.com\/fr\/wp-json\/wp\/v2\/media?parent=21185"}],"curies":[{"name":"wp","href":"https:\/\/api.w.org\/{rel}","templated":true}]}}