{"id":26913,"date":"2017-04-11T15:00:44","date_gmt":"2017-04-11T19:00:44","guid":{"rendered":"https:\/\/www.nbfc.com\/notes-legales\/marques-de-commerce\/"},"modified":"2025-09-15T15:30:53","modified_gmt":"2025-09-15T19:30:53","slug":"marques-de-commerce","status":"publish","type":"page","link":"https:\/\/www.nbfc.com\/fr\/notes-legales\/marques-de-commerce\/","title":{"rendered":"Marques de commerce"},"content":{"rendered":"\n<style type=\"text\/css\" data-created_by=\"avia_inline_auto\" id=\"style-css-av-13bc1bk-e05a3f8695ef198ba85c43dd313727fa\">\n#top .av-special-heading.av-13bc1bk-e05a3f8695ef198ba85c43dd313727fa{\npadding-bottom:0;\ncolor:#057398;\n}\nbody .av-special-heading.av-13bc1bk-e05a3f8695ef198ba85c43dd313727fa .av-special-heading-tag .heading-char{\nfont-size:25px;\n}\n.av-special-heading.av-13bc1bk-e05a3f8695ef198ba85c43dd313727fa .special-heading-inner-border{\nborder-color:#057398;\n}\n.av-special-heading.av-13bc1bk-e05a3f8695ef198ba85c43dd313727fa .av-subheading{\nfont-size:15px;\n}\n<\/style>\n<div  class='av-special-heading av-13bc1bk-e05a3f8695ef198ba85c43dd313727fa av-special-heading-h1 custom-color-heading blockquote modern-quote  avia-builder-el-0  el_before_av_codeblock  avia-builder-el-first '><h1 class='av-special-heading-tag '  itemprop=\"headline\"  >Marques de commerce<\/h1><div class=\"special-heading-border\"><div class=\"special-heading-inner-border\"><\/div><\/div><\/div>\n\n<section  class='av_textblock_section av-lnd67abo-a1351e115d47dc007d5cf8415aaada4e '   itemscope=\"itemscope\" itemtype=\"https:\/\/schema.org\/CreativeWork\" ><div class='avia_textblock'  itemprop=\"text\" ><p>Certains \u00e9l\u00e9ments de contenu (noms, mots, titres, phrases, logos, ic\u00f4nes, images, concepts, etc.) du pr\u00e9sent site Web sont des marques de commerce ou des appellations commerciales de la Corporation financi\u00e8re Northbridge ou de ses soci\u00e9t\u00e9s affili\u00e9es (\u00ab\u00a0<strong>Northbridge<\/strong>\u00a0\u00bb), d\u00e9pos\u00e9es ou non et utilis\u00e9es au Canada ou dans d\u2019autres pays, selon le cas, et constituent seulement une partie de la propri\u00e9t\u00e9 intellectuelle de Northbridge. Toutes les marques de commerce et les appellations commerciales sont utilis\u00e9es avec la permission de leur d\u00e9tenteur.<\/p>\n<p>Certains \u00e9l\u00e9ments de contenu (noms, mots, titres, phrases, logos, ic\u00f4nes, images, concepts, etc.) du pr\u00e9sent site Web peuvent \u00eatre des marques de commerce ou des appellations commerciales de tiers, d\u00e9pos\u00e9es ou non et utilis\u00e9es sous licence ou avec permission. Toutes les marques de commerce et les appellations commerciales sont et demeureront la propri\u00e9t\u00e9 exclusive de leur d\u00e9tenteur respectif.<\/p>\n<p>\u00c0 l\u2019exception des licences ou des permissions mentionn\u00e9es ci-dessus, l\u2019affichage de marques de commerce ou d\u2019appellations commerciales sur le pr\u00e9sent site Web ne signifie pas qu\u2019une licence a \u00e9t\u00e9 consentie \u00e0 une tierce partie, que ce soit de mani\u00e8re implicite ou par fin de non-recevoir ou par tout autre moyen. Les utilisateurs du pr\u00e9sent site Web ne peuvent utiliser ces marques ou ces appellations sans avoir obtenu le consentement expr\u00e8s de Northbridge ou du d\u00e9tenteur tiers, selon le cas. Il est strictement interdit d\u2019utiliser, de t\u00e9l\u00e9charger, de retransmettre, de copier ou de modifier, de quelque fa\u00e7on que ce soit, les marques de commerce, les appellations commerciales et les autres \u00e9l\u00e9ments de contenu du pr\u00e9sent site Web, sans autorisation pr\u00e9alable. Le non-respect de cette interdiction peut constituer une infraction, en vertu de lois f\u00e9d\u00e9rales, provinciales ou autres pouvant s\u2019appliquer aux marques de commerce ou aux droits d\u2019auteur, et peut donner lieu \u00e0 des actions en justice. Northbridge exercera les recours en justice appropri\u00e9s pour faire respecter ses droits, selon ce qu\u2019elle juge n\u00e9cessaire ou pr\u00e9f\u00e9rable, \u00e0 son enti\u00e8re discr\u00e9tion.<\/p>\n<p>Sans limiter la port\u00e9e g\u00e9n\u00e9rale de ce qui pr\u00e9c\u00e8de, les marques de commerce d\u00e9tenues par Northbridge comprennent celles\u2011ci :<\/p>\n<\/div><\/section>\n\n<style type=\"text\/css\" data-created_by=\"avia_inline_auto\" id=\"style-css-av-lnd690d1-53046d3ec1fcdd324e7f82211f656b32\">\n#top .av-special-heading.av-lnd690d1-53046d3ec1fcdd324e7f82211f656b32{\npadding-bottom:30px;\ncolor:#057398;\n}\nbody .av-special-heading.av-lnd690d1-53046d3ec1fcdd324e7f82211f656b32 .av-special-heading-tag .heading-char{\nfont-size:25px;\n}\n.av-special-heading.av-lnd690d1-53046d3ec1fcdd324e7f82211f656b32 .special-heading-inner-border{\nborder-color:#057398;\n}\n.av-special-heading.av-lnd690d1-53046d3ec1fcdd324e7f82211f656b32 .av-subheading{\nfont-size:15px;\n}\n<\/style>\n<div  class='av-special-heading av-lnd690d1-53046d3ec1fcdd324e7f82211f656b32 av-special-heading-h2 custom-color-heading blockquote modern-quote  avia-builder-el-3  el_after_av_textblock  el_before_av_textblock '><h2 class='av-special-heading-tag '  itemprop=\"headline\"  >Marques de commerce \u2013 mots<\/h2><div class=\"special-heading-border\"><div class=\"special-heading-inner-border\"><\/div><\/div><\/div>\n<section  id=\"trademarked-text\"  class='av_textblock_section av-lnd6aeo4-0b3310feadb4d11f8c64d2db8e8fffd0 '   itemscope=\"itemscope\" itemtype=\"https:\/\/schema.org\/CreativeWork\" ><div class='avia_textblock'  itemprop=\"text\" ><div>\n<div>Aide en cas de traumatisme<\/div>\n<div>Association Advantage<\/div>\n<div>Builders&rsquo; Choice<\/div>\n<div>Business Choice<\/div>\n<div>Choix des Constructeurs<\/div>\n<div>Choix des Entreprises<\/div>\n<div>Choix des Fabricants<\/div>\n<div>Choix des particuliers<\/div>\n<div>Claims Elite Service<\/div>\n<div>Contractors&rsquo; Choice<\/div>\n<div>EZCert<\/div>\n<div>EZEndorse<\/div>\n<div>EZQuote<\/div>\n<div>FACTS<\/div>\n<div>Faits<\/div>\n<div>Farm Choice<\/div>\n<div>Homework<\/div>\n<div>Inner Circle<\/div>\n<div>Knowing your business matters<\/div>\n<div>La Bonne Voie<\/div>\n<div>La s\u00e9curit\u00e9 de votre entreprise en t\u00eate<\/div>\n<div>Le programme Avantage pour associations<\/div>\n<div>Manufacturers&rsquo; Choice<\/div>\n<div>Northbridge<\/div>\n<div>Northbridge Assurance<\/div>\n<div>Northbridge Assurance Go<\/div>\n<div>Northbridge EZServices<\/div>\n<div>Northbridge Insurance<\/div>\n<div>Northbridge Insurance Go<\/div>\n<div>Northbridge LegalLink<\/div>\n<div>Parlons pr\u00e9vention<\/div>\n<div>Personal Choice<\/div>\n<div>Plus fort a l&rsquo;unisson<\/div>\n<div>Previsio<\/div>\n<div>Privilege 50<\/div>\n<div>RecoveryWise<\/div>\n<div>Risk Insights<\/div>\n<div>Risk Management Assist<\/div>\n<div>RiskWise<\/div>\n<div>Service de r\u00e9clamation \u00c9lite<\/div>\n<div>Succession assur\u00e9e<\/div>\n<div>Succession assur\u00e9e!<\/div>\n<div>SuccessionWise<\/div>\n<div>The power of together<\/div>\n<div>The Right Road<\/div>\n<div>Trainer of Choice<\/div>\n<div>Trauma Assistance<\/div>\n<div>TruShield<\/div>\n<div>TruShield Assurance<\/div>\n<div>TruShield Insurance<\/div>\n<div>Trustworth<\/div>\n<div>Une vision cr\u00e9ative en assurance<\/div>\n<div>Urgence@ffaires<\/div>\n<div>Vertis Direct<\/div>\n<div>Votre avantage en mati\u00e8re d&rsquo;assurance habitation<\/div>\n<div>Wholesalers&rsquo; Choice<\/div>\n<div>Your Home Advantage<\/div>\n<div>Zenith<\/div>\n<\/div>\n<\/div><\/section>\n\n<style type=\"text\/css\" data-created_by=\"avia_inline_auto\" id=\"style-css-av-lnd6dfjc-529ca0e5fd42875fd26ac095d176d0a7\">\n#top .av-special-heading.av-lnd6dfjc-529ca0e5fd42875fd26ac095d176d0a7{\npadding-bottom:30px;\ncolor:#057398;\n}\nbody .av-special-heading.av-lnd6dfjc-529ca0e5fd42875fd26ac095d176d0a7 .av-special-heading-tag .heading-char{\nfont-size:25px;\n}\n.av-special-heading.av-lnd6dfjc-529ca0e5fd42875fd26ac095d176d0a7 .special-heading-inner-border{\nborder-color:#057398;\n}\n.av-special-heading.av-lnd6dfjc-529ca0e5fd42875fd26ac095d176d0a7 .av-subheading{\nfont-size:15px;\n}\n<\/style>\n<div  class='av-special-heading av-lnd6dfjc-529ca0e5fd42875fd26ac095d176d0a7 av-special-heading-h2 custom-color-heading blockquote modern-quote  avia-builder-el-5  el_after_av_textblock  el_before_av_codeblock '><h2 class='av-special-heading-tag '  itemprop=\"headline\"  >Marques de commerce \u2013 graphiques<\/h2><div class=\"special-heading-border\"><div class=\"special-heading-inner-border\"><\/div><\/div><\/div>\n\n","protected":false},"excerpt":{"rendered":"","protected":false},"author":1,"featured_media":0,"parent":8972,"menu_order":0,"comment_status":"closed","ping_status":"closed","template":"","meta":{"footnotes":""},"class_list":["post-26913","page","type-page","status-publish","hentry"],"yoast_head":"<!-- This site is optimized with the Yoast SEO plugin v27.4 - https:\/\/yoast.com\/product\/yoast-seo-wordpress\/ -->\n<title>Marques de commerce - Corporation financi\u00e8re Northbridge<\/title>\n<meta name=\"robots\" content=\"index, follow, max-snippet:-1, max-image-preview:large, max-video-preview:-1\" \/>\n<link rel=\"canonical\" href=\"https:\/\/www.nbfc.com\/fr\/notes-legales\/marques-de-commerce\/\" \/>\n<meta property=\"og:locale\" content=\"fr_FR\" \/>\n<meta property=\"og:type\" content=\"article\" \/>\n<meta property=\"og:title\" content=\"Marques de commerce - Corporation financi\u00e8re Northbridge\" \/>\n<meta property=\"og:url\" content=\"https:\/\/www.nbfc.com\/fr\/notes-legales\/marques-de-commerce\/\" \/>\n<meta property=\"og:site_name\" content=\"Corporation financi\u00e8re Northbridge\" \/>\n<meta property=\"article:modified_time\" content=\"2025-09-15T19:30:53+00:00\" \/>\n<meta name=\"twitter:card\" content=\"summary_large_image\" \/>\n<meta name=\"twitter:label1\" content=\"Dur\u00e9e de lecture estim\u00e9e\" \/>\n\t<meta name=\"twitter:data1\" content=\"3 minutes\" \/>\n<script type=\"application\/ld+json\" class=\"yoast-schema-graph\">{\"@context\":\"https:\\\/\\\/schema.org\",\"@graph\":[{\"@type\":\"WebPage\",\"@id\":\"https:\\\/\\\/www.nbfc.com\\\/fr\\\/notes-legales\\\/marques-de-commerce\\\/\",\"url\":\"https:\\\/\\\/www.nbfc.com\\\/fr\\\/notes-legales\\\/marques-de-commerce\\\/\",\"name\":\"Marques de commerce - Corporation financi\u00e8re Northbridge\",\"isPartOf\":{\"@id\":\"https:\\\/\\\/www.nbfc.com\\\/fr\\\/#website\"},\"datePublished\":\"2017-04-11T19:00:44+00:00\",\"dateModified\":\"2025-09-15T19:30:53+00:00\",\"breadcrumb\":{\"@id\":\"https:\\\/\\\/www.nbfc.com\\\/fr\\\/notes-legales\\\/marques-de-commerce\\\/#breadcrumb\"},\"inLanguage\":\"fr-FR\",\"potentialAction\":[{\"@type\":\"ReadAction\",\"target\":[\"https:\\\/\\\/www.nbfc.com\\\/fr\\\/notes-legales\\\/marques-de-commerce\\\/\"]}]},{\"@type\":\"BreadcrumbList\",\"@id\":\"https:\\\/\\\/www.nbfc.com\\\/fr\\\/notes-legales\\\/marques-de-commerce\\\/#breadcrumb\",\"itemListElement\":[{\"@type\":\"ListItem\",\"position\":1,\"name\":\"Home\",\"item\":\"https:\\\/\\\/www.nbfc.com\\\/fr\\\/home\\\/\"},{\"@type\":\"ListItem\",\"position\":2,\"name\":\"Notes l\u00e9gales\",\"item\":\"https:\\\/\\\/www.nbfc.com\\\/fr\\\/notes-legales\\\/\"},{\"@type\":\"ListItem\",\"position\":3,\"name\":\"Marques de commerce\"}]},{\"@type\":\"WebSite\",\"@id\":\"https:\\\/\\\/www.nbfc.com\\\/fr\\\/#website\",\"url\":\"https:\\\/\\\/www.nbfc.com\\\/fr\\\/\",\"name\":\"Corporation financi\u00e8re Northbridge\",\"description\":\"Assurance des entreprises au Canada\",\"publisher\":{\"@id\":\"https:\\\/\\\/www.nbfc.com\\\/fr\\\/#organization\"},\"potentialAction\":[{\"@type\":\"SearchAction\",\"target\":{\"@type\":\"EntryPoint\",\"urlTemplate\":\"https:\\\/\\\/www.nbfc.com\\\/fr\\\/?s={search_term_string}\"},\"query-input\":{\"@type\":\"PropertyValueSpecification\",\"valueRequired\":true,\"valueName\":\"search_term_string\"}}],\"inLanguage\":\"fr-FR\"},{\"@type\":\"Organization\",\"@id\":\"https:\\\/\\\/www.nbfc.com\\\/fr\\\/#organization\",\"name\":\"Northbridge Financial Corporation\",\"url\":\"https:\\\/\\\/www.nbfc.com\\\/fr\\\/\",\"logo\":{\"@type\":\"ImageObject\",\"inLanguage\":\"fr-FR\",\"@id\":\"https:\\\/\\\/www.nbfc.com\\\/fr\\\/#\\\/schema\\\/logo\\\/image\\\/\",\"url\":\"https:\\\/\\\/www.nbfc.com\\\/wp-content\\\/uploads\\\/2015\\\/06\\\/nb_fairfax_smallscaleuses_300x167px-EN.png\",\"contentUrl\":\"https:\\\/\\\/www.nbfc.com\\\/wp-content\\\/uploads\\\/2015\\\/06\\\/nb_fairfax_smallscaleuses_300x167px-EN.png\",\"width\":300,\"height\":168,\"caption\":\"Northbridge Financial Corporation\"},\"image\":{\"@id\":\"https:\\\/\\\/www.nbfc.com\\\/fr\\\/#\\\/schema\\\/logo\\\/image\\\/\"},\"sameAs\":[\"https:\\\/\\\/www.linkedin.com\\\/company\\\/northbridge-financial-corporation\",\"https:\\\/\\\/www.youtube.com\\\/channel\\\/UCVJXP_9ja5iY_5SAAxJ6Jmg\"]}]}<\/script>\n<!-- \/ Yoast SEO plugin. -->","yoast_head_json":{"title":"Marques de commerce - Corporation financi\u00e8re Northbridge","robots":{"index":"index","follow":"follow","max-snippet":"max-snippet:-1","max-image-preview":"max-image-preview:large","max-video-preview":"max-video-preview:-1"},"canonical":"https:\/\/www.nbfc.com\/fr\/notes-legales\/marques-de-commerce\/","og_locale":"fr_FR","og_type":"article","og_title":"Marques de commerce - Corporation financi\u00e8re Northbridge","og_url":"https:\/\/www.nbfc.com\/fr\/notes-legales\/marques-de-commerce\/","og_site_name":"Corporation financi\u00e8re Northbridge","article_modified_time":"2025-09-15T19:30:53+00:00","twitter_card":"summary_large_image","twitter_misc":{"Dur\u00e9e de lecture estim\u00e9e":"3 minutes"},"schema":{"@context":"https:\/\/schema.org","@graph":[{"@type":"WebPage","@id":"https:\/\/www.nbfc.com\/fr\/notes-legales\/marques-de-commerce\/","url":"https:\/\/www.nbfc.com\/fr\/notes-legales\/marques-de-commerce\/","name":"Marques de commerce - Corporation financi\u00e8re Northbridge","isPartOf":{"@id":"https:\/\/www.nbfc.com\/fr\/#website"},"datePublished":"2017-04-11T19:00:44+00:00","dateModified":"2025-09-15T19:30:53+00:00","breadcrumb":{"@id":"https:\/\/www.nbfc.com\/fr\/notes-legales\/marques-de-commerce\/#breadcrumb"},"inLanguage":"fr-FR","potentialAction":[{"@type":"ReadAction","target":["https:\/\/www.nbfc.com\/fr\/notes-legales\/marques-de-commerce\/"]}]},{"@type":"BreadcrumbList","@id":"https:\/\/www.nbfc.com\/fr\/notes-legales\/marques-de-commerce\/#breadcrumb","itemListElement":[{"@type":"ListItem","position":1,"name":"Home","item":"https:\/\/www.nbfc.com\/fr\/home\/"},{"@type":"ListItem","position":2,"name":"Notes l\u00e9gales","item":"https:\/\/www.nbfc.com\/fr\/notes-legales\/"},{"@type":"ListItem","position":3,"name":"Marques de commerce"}]},{"@type":"WebSite","@id":"https:\/\/www.nbfc.com\/fr\/#website","url":"https:\/\/www.nbfc.com\/fr\/","name":"Corporation financi\u00e8re Northbridge","description":"Assurance des entreprises au Canada","publisher":{"@id":"https:\/\/www.nbfc.com\/fr\/#organization"},"potentialAction":[{"@type":"SearchAction","target":{"@type":"EntryPoint","urlTemplate":"https:\/\/www.nbfc.com\/fr\/?s={search_term_string}"},"query-input":{"@type":"PropertyValueSpecification","valueRequired":true,"valueName":"search_term_string"}}],"inLanguage":"fr-FR"},{"@type":"Organization","@id":"https:\/\/www.nbfc.com\/fr\/#organization","name":"Northbridge Financial Corporation","url":"https:\/\/www.nbfc.com\/fr\/","logo":{"@type":"ImageObject","inLanguage":"fr-FR","@id":"https:\/\/www.nbfc.com\/fr\/#\/schema\/logo\/image\/","url":"https:\/\/www.nbfc.com\/wp-content\/uploads\/2015\/06\/nb_fairfax_smallscaleuses_300x167px-EN.png","contentUrl":"https:\/\/www.nbfc.com\/wp-content\/uploads\/2015\/06\/nb_fairfax_smallscaleuses_300x167px-EN.png","width":300,"height":168,"caption":"Northbridge Financial Corporation"},"image":{"@id":"https:\/\/www.nbfc.com\/fr\/#\/schema\/logo\/image\/"},"sameAs":["https:\/\/www.linkedin.com\/company\/northbridge-financial-corporation","https:\/\/www.youtube.com\/channel\/UCVJXP_9ja5iY_5SAAxJ6Jmg"]}]}},"_links":{"self":[{"href":"https:\/\/www.nbfc.com\/fr\/wp-json\/wp\/v2\/pages\/26913","targetHints":{"allow":["GET"]}}],"collection":[{"href":"https:\/\/www.nbfc.com\/fr\/wp-json\/wp\/v2\/pages"}],"about":[{"href":"https:\/\/www.nbfc.com\/fr\/wp-json\/wp\/v2\/types\/page"}],"author":[{"embeddable":true,"href":"https:\/\/www.nbfc.com\/fr\/wp-json\/wp\/v2\/users\/1"}],"replies":[{"embeddable":true,"href":"https:\/\/www.nbfc.com\/fr\/wp-json\/wp\/v2\/comments?post=26913"}],"version-history":[{"count":14,"href":"https:\/\/www.nbfc.com\/fr\/wp-json\/wp\/v2\/pages\/26913\/revisions"}],"predecessor-version":[{"id":29417,"href":"https:\/\/www.nbfc.com\/fr\/wp-json\/wp\/v2\/pages\/26913\/revisions\/29417"}],"up":[{"embeddable":true,"href":"https:\/\/www.nbfc.com\/fr\/wp-json\/wp\/v2\/pages\/8972"}],"wp:attachment":[{"href":"https:\/\/www.nbfc.com\/fr\/wp-json\/wp\/v2\/media?parent=26913"}],"curies":[{"name":"wp","href":"https:\/\/api.w.org\/{rel}","templated":true}]}}